{"id":731,"date":"2025-04-07T11:15:00","date_gmt":"2025-04-07T09:15:00","guid":{"rendered":"https:\/\/famille-debout.com\/?page_id=731"},"modified":"2025-04-10T10:14:51","modified_gmt":"2025-04-10T08:14:51","slug":"pacherebon","status":"publish","type":"page","link":"https:\/\/famille-debout.com\/index.php\/pacherebon\/","title":{"rendered":"PACHEREBON"},"content":{"rendered":"\t\t<div data-elementor-type=\"wp-page\" data-elementor-id=\"731\" class=\"elementor elementor-731\">\n\t\t\t\t<div class=\"elementor-element elementor-element-3cd94899 e-flex e-con-boxed e-con e-parent\" data-id=\"3cd94899\" data-element_type=\"container\">\n\t\t\t\t\t<div class=\"e-con-inner\">\n\t\t\t\t<div class=\"elementor-element elementor-element-11e80ead elementor-widget elementor-widget-text-editor\" data-id=\"11e80ead\" data-element_type=\"widget\" data-widget_type=\"text-editor.default\">\n\t\t\t\t<div class=\"elementor-widget-container\">\n\t\t\t\t\t\t\t\t\t\n<figure class=\"wp-block-image size-large\"><img fetchpriority=\"high\" decoding=\"async\" width=\"1024\" height=\"768\" src=\"http:\/\/famille-debout.com\/wp-content\/uploads\/2025\/04\/20241009_123529-1024x768.jpg\" alt=\"\" class=\"wp-image-732\" srcset=\"https:\/\/famille-debout.com\/wp-content\/uploads\/2025\/04\/20241009_123529-1024x768.jpg 1024w, https:\/\/famille-debout.com\/wp-content\/uploads\/2025\/04\/20241009_123529-300x225.jpg 300w, https:\/\/famille-debout.com\/wp-content\/uploads\/2025\/04\/20241009_123529-768x576.jpg 768w, https:\/\/famille-debout.com\/wp-content\/uploads\/2025\/04\/20241009_123529-1536x1152.jpg 1536w, https:\/\/famille-debout.com\/wp-content\/uploads\/2025\/04\/20241009_123529-2048x1536.jpg 2048w\" sizes=\"(max-width: 1024px) 100vw, 1024px\" \/><\/figure>\n\t\t\t\t\t\t\t\t<\/div>\n\t\t\t\t<\/div>\n\t\t\t\t\t<\/div>\n\t\t\t\t<\/div>\n\t\t<div class=\"elementor-element elementor-element-79d508f e-flex e-con-boxed e-con e-parent\" data-id=\"79d508f\" data-element_type=\"container\">\n\t\t\t\t\t<div class=\"e-con-inner\">\n\t\t\t\t<div class=\"elementor-element elementor-element-f4cc398 elementor-widget elementor-widget-text-editor\" data-id=\"f4cc398\" data-element_type=\"widget\" data-widget_type=\"text-editor.default\">\n\t\t\t\t<div class=\"elementor-widget-container\">\n\t\t\t\t\t\t\t\t\t<p><strong>PACHEREBON,<\/strong><\/p>\n<p>un commerce par et pour la population, est un concept qui permet d\u2019offrir \u00e0 la population la possibilit\u00e9 d\u2019acheter des produits locaux et de base, comme les poissons, les \u0153ufs, la bi\u00e8re, et les productions du centre des m\u00e9tiers, et ainsi g\u00e9n\u00e9rer des b\u00e9n\u00e9fices qui paient les emplois et \u00e0 terme pourrait aider la r\u00e9alisation certains projets de Famille Debout.<\/p>\n<p>Famille Debout poss\u00e8de \u00e9galement un vaste terrain de culture mara\u00eech\u00e8re. Nos cultivateurs g\u00e9n\u00e8rent \u00e9galement de l\u2019emploi et vendent leurs produits dans les march\u00e9s locaux, et gr\u00e2ce \u00e0 la baleini\u00e8re de <strong>PACHEREBON<\/strong>, peuvent atteindre les plus grandes villes.<\/p>\n<p>Nous faisons appel aux petits producteurs locaux et bio de produits de la terre, poudre de gingembre et de curcuma, alcool et \u00a0bananes plantins, qui pourront \u00e9couler leurs productions via notre <strong>sup\u00e9rette PACHEREBON<\/strong> pour toucher une plus large client\u00e8le<\/p>\t\t\t\t\t\t\t\t<\/div>\n\t\t\t\t<\/div>\n\t\t\t\t\t<\/div>\n\t\t\t\t<\/div>\n\t\t<div class=\"elementor-element elementor-element-6db6bfe e-grid e-con-boxed e-con e-parent\" data-id=\"6db6bfe\" data-element_type=\"container\">\n\t\t\t\t\t<div class=\"e-con-inner\">\n\t\t\t\t<div class=\"elementor-element elementor-element-464508f elementor-widget elementor-widget-image\" data-id=\"464508f\" data-element_type=\"widget\" data-widget_type=\"image.default\">\n\t\t\t\t<div class=\"elementor-widget-container\">\n\t\t\t\t\t\t\t\t\t\t\t\t<figure class=\"wp-caption\">\n\t\t\t\t\t\t\t\t\t\t<img decoding=\"async\" width=\"800\" height=\"534\" src=\"https:\/\/famille-debout.com\/wp-content\/uploads\/2025\/04\/SJP_6213-1024x683.jpg\" class=\"attachment-large size-large wp-image-735\" alt=\"\" srcset=\"https:\/\/famille-debout.com\/wp-content\/uploads\/2025\/04\/SJP_6213-1024x683.jpg 1024w, https:\/\/famille-debout.com\/wp-content\/uploads\/2025\/04\/SJP_6213-300x200.jpg 300w, https:\/\/famille-debout.com\/wp-content\/uploads\/2025\/04\/SJP_6213-768x512.jpg 768w, https:\/\/famille-debout.com\/wp-content\/uploads\/2025\/04\/SJP_6213-1536x1024.jpg 1536w, https:\/\/famille-debout.com\/wp-content\/uploads\/2025\/04\/SJP_6213-2048x1365.jpg 2048w\" sizes=\"(max-width: 800px) 100vw, 800px\" \/>\t\t\t\t\t\t\t\t\t\t\t<figcaption class=\"widget-image-caption wp-caption-text\">La culture mara\u00eech\u00e8re<\/figcaption>\n\t\t\t\t\t\t\t\t\t\t<\/figure>\n\t\t\t\t\t\t\t\t\t<\/div>\n\t\t\t\t<\/div>\n\t\t\t\t<div class=\"elementor-element elementor-element-49d2245 elementor-widget elementor-widget-image\" data-id=\"49d2245\" data-element_type=\"widget\" data-widget_type=\"image.default\">\n\t\t\t\t<div class=\"elementor-widget-container\">\n\t\t\t\t\t\t\t\t\t\t\t\t<figure class=\"wp-caption\">\n\t\t\t\t\t\t\t\t\t\t<img decoding=\"async\" width=\"683\" height=\"1024\" src=\"https:\/\/famille-debout.com\/wp-content\/uploads\/2025\/04\/SJP_6875-683x1024.jpg\" class=\"attachment-large size-large wp-image-737\" alt=\"\" srcset=\"https:\/\/famille-debout.com\/wp-content\/uploads\/2025\/04\/SJP_6875-683x1024.jpg 683w, https:\/\/famille-debout.com\/wp-content\/uploads\/2025\/04\/SJP_6875-200x300.jpg 200w, https:\/\/famille-debout.com\/wp-content\/uploads\/2025\/04\/SJP_6875-768x1152.jpg 768w, https:\/\/famille-debout.com\/wp-content\/uploads\/2025\/04\/SJP_6875-1024x1536.jpg 1024w, https:\/\/famille-debout.com\/wp-content\/uploads\/2025\/04\/SJP_6875-1365x2048.jpg 1365w, https:\/\/famille-debout.com\/wp-content\/uploads\/2025\/04\/SJP_6875-scaled.jpg 1707w\" sizes=\"(max-width: 683px) 100vw, 683px\" \/>\t\t\t\t\t\t\t\t\t\t\t<figcaption class=\"widget-image-caption wp-caption-text\">Produits bio , poudre de gingembre et de curcuma<\/figcaption>\n\t\t\t\t\t\t\t\t\t\t<\/figure>\n\t\t\t\t\t\t\t\t\t<\/div>\n\t\t\t\t<\/div>\n\t\t\t\t<div class=\"elementor-element elementor-element-3a4524a elementor-widget elementor-widget-image\" data-id=\"3a4524a\" data-element_type=\"widget\" data-widget_type=\"image.default\">\n\t\t\t\t<div class=\"elementor-widget-container\">\n\t\t\t\t\t\t\t\t\t\t\t\t<figure class=\"wp-caption\">\n\t\t\t\t\t\t\t\t\t\t<img loading=\"lazy\" decoding=\"async\" width=\"800\" height=\"534\" src=\"https:\/\/famille-debout.com\/wp-content\/uploads\/2025\/04\/SJP_6630-1024x683.jpg\" class=\"attachment-large size-large wp-image-736\" alt=\"\" srcset=\"https:\/\/famille-debout.com\/wp-content\/uploads\/2025\/04\/SJP_6630-1024x683.jpg 1024w, https:\/\/famille-debout.com\/wp-content\/uploads\/2025\/04\/SJP_6630-300x200.jpg 300w, https:\/\/famille-debout.com\/wp-content\/uploads\/2025\/04\/SJP_6630-768x512.jpg 768w, https:\/\/famille-debout.com\/wp-content\/uploads\/2025\/04\/SJP_6630-1536x1024.jpg 1536w, https:\/\/famille-debout.com\/wp-content\/uploads\/2025\/04\/SJP_6630-2048x1365.jpg 2048w\" sizes=\"(max-width: 800px) 100vw, 800px\" \/>\t\t\t\t\t\t\t\t\t\t\t<figcaption class=\"widget-image-caption wp-caption-text\">La bi\u00e8re est au rendez-vous dans la sup\u00e9rette PACHEREBON<\/figcaption>\n\t\t\t\t\t\t\t\t\t\t<\/figure>\n\t\t\t\t\t\t\t\t\t<\/div>\n\t\t\t\t<\/div>\n\t\t\t\t\t<\/div>\n\t\t\t\t<\/div>\n\t\t<div class=\"elementor-element elementor-element-c4534b1 e-grid e-con-boxed e-con e-parent\" data-id=\"c4534b1\" data-element_type=\"container\">\n\t\t\t\t\t<div class=\"e-con-inner\">\n\t\t\t\t<div class=\"elementor-element elementor-element-e6295a4 elementor-widget elementor-widget-image\" data-id=\"e6295a4\" data-element_type=\"widget\" data-widget_type=\"image.default\">\n\t\t\t\t<div class=\"elementor-widget-container\">\n\t\t\t\t\t\t\t\t\t\t\t\t<figure class=\"wp-caption\">\n\t\t\t\t\t\t\t\t\t\t<img loading=\"lazy\" decoding=\"async\" width=\"800\" height=\"600\" src=\"https:\/\/famille-debout.com\/wp-content\/uploads\/2025\/04\/20241010_153749-1024x768.jpg\" class=\"attachment-large size-large wp-image-762\" alt=\"\" srcset=\"https:\/\/famille-debout.com\/wp-content\/uploads\/2025\/04\/20241010_153749-1024x768.jpg 1024w, https:\/\/famille-debout.com\/wp-content\/uploads\/2025\/04\/20241010_153749-300x225.jpg 300w, https:\/\/famille-debout.com\/wp-content\/uploads\/2025\/04\/20241010_153749-768x576.jpg 768w, https:\/\/famille-debout.com\/wp-content\/uploads\/2025\/04\/20241010_153749-1536x1152.jpg 1536w, https:\/\/famille-debout.com\/wp-content\/uploads\/2025\/04\/20241010_153749-2048x1536.jpg 2048w\" sizes=\"(max-width: 800px) 100vw, 800px\" \/>\t\t\t\t\t\t\t\t\t\t\t<figcaption class=\"widget-image-caption wp-caption-text\">La baleini\u00e8re de PACHEREBON permet d'acheminer les productions locales vers les march\u00e9s des grandes villes<\/figcaption>\n\t\t\t\t\t\t\t\t\t\t<\/figure>\n\t\t\t\t\t\t\t\t\t<\/div>\n\t\t\t\t<\/div>\n\t\t\t\t<div class=\"elementor-element elementor-element-4295bf0 elementor-widget elementor-widget-image\" data-id=\"4295bf0\" data-element_type=\"widget\" data-widget_type=\"image.default\">\n\t\t\t\t<div class=\"elementor-widget-container\">\n\t\t\t\t\t\t\t\t\t\t\t\t<figure class=\"wp-caption\">\n\t\t\t\t\t\t\t\t\t\t<img loading=\"lazy\" decoding=\"async\" width=\"800\" height=\"600\" src=\"https:\/\/famille-debout.com\/wp-content\/uploads\/2025\/04\/20241009_094230-1024x768.jpg\" class=\"attachment-large size-large wp-image-749\" alt=\"\" srcset=\"https:\/\/famille-debout.com\/wp-content\/uploads\/2025\/04\/20241009_094230-1024x768.jpg 1024w, https:\/\/famille-debout.com\/wp-content\/uploads\/2025\/04\/20241009_094230-300x225.jpg 300w, https:\/\/famille-debout.com\/wp-content\/uploads\/2025\/04\/20241009_094230-768x576.jpg 768w, https:\/\/famille-debout.com\/wp-content\/uploads\/2025\/04\/20241009_094230-1536x1152.jpg 1536w, https:\/\/famille-debout.com\/wp-content\/uploads\/2025\/04\/20241009_094230-2048x1536.jpg 2048w\" sizes=\"(max-width: 800px) 100vw, 800px\" \/>\t\t\t\t\t\t\t\t\t\t\t<figcaption class=\"widget-image-caption wp-caption-text\">La production 100% artisanale  de savon \u00e0 base d'huile de palme locale sera labellis\u00e9e PACHEREBON et en vente dans les villes<\/figcaption>\n\t\t\t\t\t\t\t\t\t\t<\/figure>\n\t\t\t\t\t\t\t\t\t<\/div>\n\t\t\t\t<\/div>\n\t\t\t\t\t<\/div>\n\t\t\t\t<\/div>\n\t\t<div class=\"elementor-element elementor-element-8d7cc5e e-grid e-con-boxed e-con e-parent\" data-id=\"8d7cc5e\" data-element_type=\"container\">\n\t\t\t\t\t<div class=\"e-con-inner\">\n\t\t\t\t<div class=\"elementor-element elementor-element-9a0fbce elementor-widget elementor-widget-image\" data-id=\"9a0fbce\" data-element_type=\"widget\" data-widget_type=\"image.default\">\n\t\t\t\t<div class=\"elementor-widget-container\">\n\t\t\t\t\t\t\t\t\t\t\t\t<figure class=\"wp-caption\">\n\t\t\t\t\t\t\t\t\t\t<img loading=\"lazy\" decoding=\"async\" width=\"800\" height=\"600\" src=\"https:\/\/famille-debout.com\/wp-content\/uploads\/2025\/04\/20241009_093655-1024x768.jpg\" class=\"attachment-large size-large wp-image-761\" alt=\"\" srcset=\"https:\/\/famille-debout.com\/wp-content\/uploads\/2025\/04\/20241009_093655-1024x768.jpg 1024w, https:\/\/famille-debout.com\/wp-content\/uploads\/2025\/04\/20241009_093655-300x225.jpg 300w, https:\/\/famille-debout.com\/wp-content\/uploads\/2025\/04\/20241009_093655-768x576.jpg 768w, https:\/\/famille-debout.com\/wp-content\/uploads\/2025\/04\/20241009_093655-1536x1152.jpg 1536w, https:\/\/famille-debout.com\/wp-content\/uploads\/2025\/04\/20241009_093655-2048x1536.jpg 2048w\" sizes=\"(max-width: 800px) 100vw, 800px\" \/>\t\t\t\t\t\t\t\t\t\t\t<figcaption class=\"widget-image-caption wp-caption-text\">Le poisson, une denr\u00e9e \u00e0 port\u00e9e de main, p\u00each\u00e9 et commercialis\u00e9e par PACHEREBON<\/figcaption>\n\t\t\t\t\t\t\t\t\t\t<\/figure>\n\t\t\t\t\t\t\t\t\t<\/div>\n\t\t\t\t<\/div>\n\t\t\t\t<div class=\"elementor-element elementor-element-be8b0e1 elementor-widget elementor-widget-image\" data-id=\"be8b0e1\" data-element_type=\"widget\" data-widget_type=\"image.default\">\n\t\t\t\t<div class=\"elementor-widget-container\">\n\t\t\t\t\t\t\t\t\t\t\t\t<figure class=\"wp-caption\">\n\t\t\t\t\t\t\t\t\t\t<img loading=\"lazy\" decoding=\"async\" width=\"800\" height=\"534\" src=\"https:\/\/famille-debout.com\/wp-content\/uploads\/2025\/04\/SJP_6941-1024x683.jpg\" class=\"attachment-large size-large wp-image-738\" alt=\"\" srcset=\"https:\/\/famille-debout.com\/wp-content\/uploads\/2025\/04\/SJP_6941-1024x683.jpg 1024w, https:\/\/famille-debout.com\/wp-content\/uploads\/2025\/04\/SJP_6941-300x200.jpg 300w, https:\/\/famille-debout.com\/wp-content\/uploads\/2025\/04\/SJP_6941-768x512.jpg 768w, https:\/\/famille-debout.com\/wp-content\/uploads\/2025\/04\/SJP_6941-1536x1024.jpg 1536w, https:\/\/famille-debout.com\/wp-content\/uploads\/2025\/04\/SJP_6941-2048x1365.jpg 2048w\" sizes=\"(max-width: 800px) 100vw, 800px\" \/>\t\t\t\t\t\t\t\t\t\t\t<figcaption class=\"widget-image-caption wp-caption-text\">La culture de bananes plantain, dans l'optique d'en faire des chips labellis\u00e9s <\/figcaption>\n\t\t\t\t\t\t\t\t\t\t<\/figure>\n\t\t\t\t\t\t\t\t\t<\/div>\n\t\t\t\t<\/div>\n\t\t\t\t\t<\/div>\n\t\t\t\t<\/div>\n\t\t<div class=\"elementor-element elementor-element-d80f65c e-flex e-con-boxed e-con e-parent\" data-id=\"d80f65c\" data-element_type=\"container\">\n\t\t\t\t\t<div class=\"e-con-inner\">\n\t\t\t\t<div class=\"elementor-element elementor-element-892af68 elementor-widget elementor-widget-image\" data-id=\"892af68\" data-element_type=\"widget\" data-widget_type=\"image.default\">\n\t\t\t\t<div class=\"elementor-widget-container\">\n\t\t\t\t\t\t\t\t\t\t\t\t\t\t\t<img loading=\"lazy\" decoding=\"async\" width=\"800\" height=\"529\" src=\"https:\/\/famille-debout.com\/wp-content\/uploads\/2025\/04\/WhatsApp-Image-2025-04-10-at-08.06.18-1024x677.jpeg\" class=\"attachment-large size-large wp-image-770\" alt=\"\" srcset=\"https:\/\/famille-debout.com\/wp-content\/uploads\/2025\/04\/WhatsApp-Image-2025-04-10-at-08.06.18-1024x677.jpeg 1024w, https:\/\/famille-debout.com\/wp-content\/uploads\/2025\/04\/WhatsApp-Image-2025-04-10-at-08.06.18-300x198.jpeg 300w, https:\/\/famille-debout.com\/wp-content\/uploads\/2025\/04\/WhatsApp-Image-2025-04-10-at-08.06.18-768x507.jpeg 768w, https:\/\/famille-debout.com\/wp-content\/uploads\/2025\/04\/WhatsApp-Image-2025-04-10-at-08.06.18-1536x1015.jpeg 1536w, https:\/\/famille-debout.com\/wp-content\/uploads\/2025\/04\/WhatsApp-Image-2025-04-10-at-08.06.18.jpeg 1556w\" sizes=\"(max-width: 800px) 100vw, 800px\" \/>\t\t\t\t\t\t\t\t\t\t\t\t\t\t\t<\/div>\n\t\t\t\t<\/div>\n\t\t\t\t\t<\/div>\n\t\t\t\t<\/div>\n\t\t\t\t<\/div>\n\t\t","protected":false},"excerpt":{"rendered":"<p>PACHEREBON, un commerce par et pour la population, est un concept qui permet d\u2019offrir \u00e0 la population la possibilit\u00e9 d\u2019acheter des produits locaux et de base, comme les poissons, les \u0153ufs, la bi\u00e8re, et les productions du centre des m\u00e9tiers, et ainsi g\u00e9n\u00e9rer des b\u00e9n\u00e9fices qui paient les emplois et \u00e0 terme pourrait aider la [&hellip;]<\/p>\n","protected":false},"author":3,"featured_media":0,"parent":0,"menu_order":0,"comment_status":"closed","ping_status":"closed","template":"","meta":{"footnotes":""},"class_list":["post-731","page","type-page","status-publish","hentry"],"_links":{"self":[{"href":"https:\/\/famille-debout.com\/index.php\/wp-json\/wp\/v2\/pages\/731","targetHints":{"allow":["GET"]}}],"collection":[{"href":"https:\/\/famille-debout.com\/index.php\/wp-json\/wp\/v2\/pages"}],"about":[{"href":"https:\/\/famille-debout.com\/index.php\/wp-json\/wp\/v2\/types\/page"}],"author":[{"embeddable":true,"href":"https:\/\/famille-debout.com\/index.php\/wp-json\/wp\/v2\/users\/3"}],"replies":[{"embeddable":true,"href":"https:\/\/famille-debout.com\/index.php\/wp-json\/wp\/v2\/comments?post=731"}],"version-history":[{"count":22,"href":"https:\/\/famille-debout.com\/index.php\/wp-json\/wp\/v2\/pages\/731\/revisions"}],"predecessor-version":[{"id":773,"href":"https:\/\/famille-debout.com\/index.php\/wp-json\/wp\/v2\/pages\/731\/revisions\/773"}],"wp:attachment":[{"href":"https:\/\/famille-debout.com\/index.php\/wp-json\/wp\/v2\/media?parent=731"}],"curies":[{"name":"wp","href":"https:\/\/api.w.org\/{rel}","templated":true}]}}