{"id":160,"date":"2024-12-30T18:05:17","date_gmt":"2024-12-30T17:05:17","guid":{"rendered":"https:\/\/famille-debout.com\/?page_id=160"},"modified":"2025-03-23T10:49:51","modified_gmt":"2025-03-23T09:49:51","slug":"virement-avec-exhoneration-fiscale","status":"publish","type":"page","link":"https:\/\/famille-debout.com\/index.php\/virement-avec-exhoneration-fiscale\/","title":{"rendered":"Virement avec exon\u00e9ration fiscale"},"content":{"rendered":"\t\t<div data-elementor-type=\"wp-page\" data-elementor-id=\"160\" class=\"elementor elementor-160\">\n\t\t\t\t<div class=\"elementor-element elementor-element-6ecfc2a e-flex e-con-boxed e-con e-parent\" data-id=\"6ecfc2a\" data-element_type=\"container\">\n\t\t\t\t\t<div class=\"e-con-inner\">\n\t\t\t\t<div class=\"elementor-element elementor-element-02ec30e elementor-widget elementor-widget-heading\" data-id=\"02ec30e\" data-element_type=\"widget\" data-widget_type=\"heading.default\">\n\t\t\t\t<div class=\"elementor-widget-container\">\n\t\t\t\t\t<h2 class=\"elementor-heading-title elementor-size-default\">Pour b\u00e9n\u00e9ficier d'une d\u00e9duction fiscale, merci de nous donner vos informations de contact<\/h2>\t\t\t\t<\/div>\n\t\t\t\t<\/div>\n\t\t\t\t<div class=\"elementor-element elementor-element-7b66faf elementor-widget elementor-widget-shortcode\" data-id=\"7b66faf\" data-element_type=\"widget\" data-widget_type=\"shortcode.default\">\n\t\t\t\t<div class=\"elementor-widget-container\">\n\t\t\t\t\t\t\t<div class=\"elementor-shortcode\">\n<div class=\"wpcf7 no-js\" id=\"wpcf7-f163-o1\" lang=\"fr-FR\" dir=\"ltr\" data-wpcf7-id=\"163\">\n<div class=\"screen-reader-response\"><p role=\"status\" aria-live=\"polite\" aria-atomic=\"true\"><\/p> <ul><\/ul><\/div>\n<form action=\"\/index.php\/wp-json\/wp\/v2\/pages\/160#wpcf7-f163-o1\" method=\"post\" class=\"wpcf7-form init\" aria-label=\"Formulaire de contact\" novalidate=\"novalidate\" data-status=\"init\">\n<div style=\"display: none;\">\n<input type=\"hidden\" name=\"_wpcf7\" value=\"163\" \/>\n<input type=\"hidden\" name=\"_wpcf7_version\" value=\"6.0.2\" \/>\n<input type=\"hidden\" name=\"_wpcf7_locale\" value=\"fr_FR\" \/>\n<input type=\"hidden\" name=\"_wpcf7_unit_tag\" value=\"wpcf7-f163-o1\" \/>\n<input type=\"hidden\" name=\"_wpcf7_container_post\" value=\"0\" \/>\n<input type=\"hidden\" name=\"_wpcf7_posted_data_hash\" value=\"\" \/>\n<\/div>\n<p><label> Votre nom<br \/>\n<span class=\"wpcf7-form-control-wrap\" data-name=\"your-name\"><input size=\"40\" maxlength=\"400\" class=\"wpcf7-form-control wpcf7-text wpcf7-validates-as-required\" autocomplete=\"name\" aria-required=\"true\" aria-invalid=\"false\" value=\"\" type=\"text\" name=\"your-name\" \/><\/span> <\/label><br \/>\n<label> Votre pr\u00e9nom<br \/>\n<span class=\"wpcf7-form-control-wrap\" data-name=\"your-firstname\"><input size=\"40\" maxlength=\"400\" class=\"wpcf7-form-control wpcf7-text wpcf7-validates-as-required\" aria-required=\"true\" aria-invalid=\"false\" value=\"\" type=\"text\" name=\"your-firstname\" \/><\/span> <\/label>\n<\/p>\n<p><label> Votre e-mail<br \/>\n<span class=\"wpcf7-form-control-wrap\" data-name=\"your-email\"><input size=\"40\" maxlength=\"400\" class=\"wpcf7-form-control wpcf7-email wpcf7-validates-as-required wpcf7-text wpcf7-validates-as-email\" autocomplete=\"email\" aria-required=\"true\" aria-invalid=\"false\" value=\"\" type=\"email\" name=\"your-email\" \/><\/span> <\/label>\n<\/p>\n<p><label> Votre num\u00e9ro de registre national<br \/>\n<span class=\"wpcf7-form-control-wrap\" data-name=\"your-national-number\"><input size=\"40\" maxlength=\"400\" class=\"wpcf7-form-control wpcf7-text wpcf7-validates-as-required\" aria-required=\"true\" aria-invalid=\"false\" value=\"\" type=\"text\" name=\"your-national-number\" \/><\/span> <\/label>\n<\/p>\n<p><input class=\"wpcf7-form-control wpcf7-submit has-spinner\" type=\"submit\" value=\"Envoyer\" \/>\n<\/p><div class=\"wpcf7-response-output\" aria-hidden=\"true\"><\/div>\n<\/form>\n<\/div>\n<\/div>\n\t\t\t\t\t\t<\/div>\n\t\t\t\t<\/div>\n\t\t\t\t<div class=\"elementor-element elementor-element-c6a326f elementor-widget elementor-widget-text-editor\" data-id=\"c6a326f\" data-element_type=\"widget\" data-widget_type=\"text-editor.default\">\n\t\t\t\t<div class=\"elementor-widget-container\">\n\t\t\t\t\t\t\t\t\t<p>Une fois ces informations remplies, vous pouvez \u00e0 pr\u00e9sent proc\u00e9der\u00a0<\/p><p>\u00e0 une domiciliation bancaire mensuelle de (minimum) 5 \u20ac\u00a0<\/p><p>ou effectuer un versement de (minimum) 40\u20ac\u00a0<\/p><p>sur le compte <strong id=\"yui_3_17_2_1_1735574242240_7026\">BE76 7512 1152 3795<\/strong><\/p><p><strong id=\"yui_3_17_2_1_1735574242240_7026\">Merci de votre soutien pr\u00e9cieux!\u00a0<\/strong><\/p><p>-&gt;Scannez en un clic le QR Code via votre application bancaire &lt;&#8211;<\/p>\t\t\t\t\t\t\t\t<\/div>\n\t\t\t\t<\/div>\n\t\t\t\t\t<\/div>\n\t\t\t\t<\/div>\n\t\t<div class=\"elementor-element elementor-element-89689bf e-flex e-con-boxed e-con e-parent\" data-id=\"89689bf\" data-element_type=\"container\">\n\t\t\t\t\t<div class=\"e-con-inner\">\n\t\t\t\t<div class=\"elementor-element elementor-element-64f9024 elementor-widget elementor-widget-image\" data-id=\"64f9024\" data-element_type=\"widget\" data-widget_type=\"image.default\">\n\t\t\t\t<div class=\"elementor-widget-container\">\n\t\t\t\t\t\t\t\t\t\t\t\t\t\t\t<img fetchpriority=\"high\" decoding=\"async\" width=\"300\" height=\"300\" src=\"https:\/\/famille-debout.com\/wp-content\/uploads\/2025\/03\/QRCode-Banque.png\" class=\"attachment-large size-large wp-image-655\" alt=\"\" srcset=\"https:\/\/famille-debout.com\/wp-content\/uploads\/2025\/03\/QRCode-Banque.png 300w, https:\/\/famille-debout.com\/wp-content\/uploads\/2025\/03\/QRCode-Banque-150x150.png 150w\" sizes=\"(max-width: 300px) 100vw, 300px\" \/>\t\t\t\t\t\t\t\t\t\t\t\t\t\t\t<\/div>\n\t\t\t\t<\/div>\n\t\t\t\t\t<\/div>\n\t\t\t\t<\/div>\n\t\t\t\t<\/div>\n\t\t","protected":false},"excerpt":{"rendered":"<p>Pour b\u00e9n\u00e9ficier d&#8217;une d\u00e9duction fiscale, merci de nous donner vos informations de contact Une fois ces informations remplies, vous pouvez \u00e0 pr\u00e9sent proc\u00e9der\u00a0 \u00e0 une domiciliation bancaire mensuelle de (minimum) 5 \u20ac\u00a0 ou effectuer un versement de (minimum) 40\u20ac\u00a0 sur le compte BE76 7512 1152 3795 Merci de votre soutien pr\u00e9cieux!\u00a0 -&gt;Scannez en un clic [&hellip;]<\/p>\n","protected":false},"author":2,"featured_media":0,"parent":0,"menu_order":0,"comment_status":"closed","ping_status":"closed","template":"","meta":{"footnotes":""},"class_list":["post-160","page","type-page","status-publish","hentry"],"_links":{"self":[{"href":"https:\/\/famille-debout.com\/index.php\/wp-json\/wp\/v2\/pages\/160","targetHints":{"allow":["GET"]}}],"collection":[{"href":"https:\/\/famille-debout.com\/index.php\/wp-json\/wp\/v2\/pages"}],"about":[{"href":"https:\/\/famille-debout.com\/index.php\/wp-json\/wp\/v2\/types\/page"}],"author":[{"embeddable":true,"href":"https:\/\/famille-debout.com\/index.php\/wp-json\/wp\/v2\/users\/2"}],"replies":[{"embeddable":true,"href":"https:\/\/famille-debout.com\/index.php\/wp-json\/wp\/v2\/comments?post=160"}],"version-history":[{"count":15,"href":"https:\/\/famille-debout.com\/index.php\/wp-json\/wp\/v2\/pages\/160\/revisions"}],"predecessor-version":[{"id":670,"href":"https:\/\/famille-debout.com\/index.php\/wp-json\/wp\/v2\/pages\/160\/revisions\/670"}],"wp:attachment":[{"href":"https:\/\/famille-debout.com\/index.php\/wp-json\/wp\/v2\/media?parent=160"}],"curies":[{"name":"wp","href":"https:\/\/api.w.org\/{rel}","templated":true}]}}