{"id":119,"date":"2024-12-30T17:38:30","date_gmt":"2024-12-30T16:38:30","guid":{"rendered":"https:\/\/famille-debout.com\/?page_id=119"},"modified":"2025-03-23T10:48:41","modified_gmt":"2025-03-23T09:48:41","slug":"nous-soutenir","status":"publish","type":"page","link":"https:\/\/famille-debout.com\/index.php\/nous-soutenir\/","title":{"rendered":"Nous soutenir"},"content":{"rendered":"\t\t<div data-elementor-type=\"wp-page\" data-elementor-id=\"119\" class=\"elementor elementor-119\">\n\t\t\t\t<div class=\"elementor-element elementor-element-53f9c17 e-flex e-con-boxed e-con e-parent\" data-id=\"53f9c17\" data-element_type=\"container\">\n\t\t\t\t\t<div class=\"e-con-inner\">\n\t\t\t\t<div class=\"elementor-element elementor-element-890420f elementor-widget elementor-widget-spacer\" data-id=\"890420f\" data-element_type=\"widget\" data-widget_type=\"spacer.default\">\n\t\t\t\t<div class=\"elementor-widget-container\">\n\t\t\t\t\t\t\t<div class=\"elementor-spacer\">\n\t\t\t<div class=\"elementor-spacer-inner\"><\/div>\n\t\t<\/div>\n\t\t\t\t\t\t<\/div>\n\t\t\t\t<\/div>\n\t\t\t\t\t<\/div>\n\t\t\t\t<\/div>\n\t\t<div class=\"elementor-element elementor-element-26bbe87 e-flex e-con-boxed e-con e-parent\" data-id=\"26bbe87\" data-element_type=\"container\">\n\t\t\t\t\t<div class=\"e-con-inner\">\n\t\t<div class=\"elementor-element elementor-element-7c0c8a8 e-con-full e-flex e-con e-child\" data-id=\"7c0c8a8\" data-element_type=\"container\">\n\t\t\t\t<div class=\"elementor-element elementor-element-ff93b15 elementor-widget elementor-widget-heading\" data-id=\"ff93b15\" data-element_type=\"widget\" data-widget_type=\"heading.default\">\n\t\t\t\t<div class=\"elementor-widget-container\">\n\t\t\t\t\t<h2 class=\"elementor-heading-title elementor-size-default\">Virement<\/h2>\t\t\t\t<\/div>\n\t\t\t\t<\/div>\n\t\t\t\t<div class=\"elementor-element elementor-element-10b4835 elementor-widget elementor-widget-text-editor\" data-id=\"10b4835\" data-element_type=\"widget\" data-widget_type=\"text-editor.default\">\n\t\t\t\t<div class=\"elementor-widget-container\">\n\t\t\t\t\t\t\t\t\t<p>Vous pouvez directement effectuer un virement au nom de l&#8217;ASBL sur le compte suivant.<\/p><p>COMPTE BANCAIRE : <strong>BE76 7512 1152 3795<\/strong><\/p>\t\t\t\t\t\t\t\t<\/div>\n\t\t\t\t<\/div>\n\t\t\t\t<\/div>\n\t\t<div class=\"elementor-element elementor-element-136b80c e-con-full e-flex e-con e-child\" data-id=\"136b80c\" data-element_type=\"container\">\n\t\t\t\t<div class=\"elementor-element elementor-element-2b6c5dc elementor-widget elementor-widget-heading\" data-id=\"2b6c5dc\" data-element_type=\"widget\" data-widget_type=\"heading.default\">\n\t\t\t\t<div class=\"elementor-widget-container\">\n\t\t\t\t\t<h2 class=\"elementor-heading-title elementor-size-default\">Virement avec exon\u00e9ration fiscale<\/h2>\t\t\t\t<\/div>\n\t\t\t\t<\/div>\n\t\t\t\t<div class=\"elementor-element elementor-element-14f8f4d elementor-widget elementor-widget-text-editor\" data-id=\"14f8f4d\" data-element_type=\"widget\" data-widget_type=\"text-editor.default\">\n\t\t\t\t<div class=\"elementor-widget-container\">\n\t\t\t\t\t\t\t\t\t<p>Un don unique de minimum 40 \u20ac<\/p>\t\t\t\t\t\t\t\t<\/div>\n\t\t\t\t<\/div>\n\t\t\t\t<div class=\"elementor-element elementor-element-a40f2ec elementor-align-center elementor-widget elementor-widget-button\" data-id=\"a40f2ec\" data-element_type=\"widget\" data-widget_type=\"button.default\">\n\t\t\t\t<div class=\"elementor-widget-container\">\n\t\t\t\t\t\t\t\t\t<div class=\"elementor-button-wrapper\">\n\t\t\t\t\t<a class=\"elementor-button elementor-button-link elementor-size-sm\" href=\"\/index.php\/virement-avec-exhoneration-fiscale\/\">\n\t\t\t\t\t\t<span class=\"elementor-button-content-wrapper\">\n\t\t\t\t\t\t\t\t\t<span class=\"elementor-button-text\">Faire un don<\/span>\n\t\t\t\t\t<\/span>\n\t\t\t\t\t<\/a>\n\t\t\t\t<\/div>\n\t\t\t\t\t\t\t\t<\/div>\n\t\t\t\t<\/div>\n\t\t\t\t<\/div>\n\t\t<div class=\"elementor-element elementor-element-bb31ad0 e-con-full e-flex e-con e-child\" data-id=\"bb31ad0\" data-element_type=\"container\">\n\t\t\t\t<div class=\"elementor-element elementor-element-1d15645 elementor-widget elementor-widget-heading\" data-id=\"1d15645\" data-element_type=\"widget\" data-widget_type=\"heading.default\">\n\t\t\t\t<div class=\"elementor-widget-container\">\n\t\t\t\t\t<h2 class=\"elementor-heading-title elementor-size-default\">Ordre permanent avec exon\u00e9ration fiscale<\/h2>\t\t\t\t<\/div>\n\t\t\t\t<\/div>\n\t\t\t\t<div class=\"elementor-element elementor-element-e10aa40 elementor-widget elementor-widget-text-editor\" data-id=\"e10aa40\" data-element_type=\"widget\" data-widget_type=\"text-editor.default\">\n\t\t\t\t<div class=\"elementor-widget-container\">\n\t\t\t\t\t\t\t\t\t<p>Une domiciliation bancaire de minimum 5 \u20ac par mois (ce qui vous donne droit \u00e0 une d\u00e9duction fiscale d\u00e8s 40\u20ac \/an)<\/p>\t\t\t\t\t\t\t\t<\/div>\n\t\t\t\t<\/div>\n\t\t\t\t<div class=\"elementor-element elementor-element-5bdb17c elementor-align-center elementor-widget elementor-widget-button\" data-id=\"5bdb17c\" data-element_type=\"widget\" data-widget_type=\"button.default\">\n\t\t\t\t<div class=\"elementor-widget-container\">\n\t\t\t\t\t\t\t\t\t<div class=\"elementor-button-wrapper\">\n\t\t\t\t\t<a class=\"elementor-button elementor-button-link elementor-size-sm\" href=\"\/index.php\/virement-avec-exhoneration-fiscale\/\">\n\t\t\t\t\t\t<span class=\"elementor-button-content-wrapper\">\n\t\t\t\t\t\t\t\t\t<span class=\"elementor-button-text\">Faire un don<\/span>\n\t\t\t\t\t<\/span>\n\t\t\t\t\t<\/a>\n\t\t\t\t<\/div>\n\t\t\t\t\t\t\t\t<\/div>\n\t\t\t\t<\/div>\n\t\t\t\t<\/div>\n\t\t<div class=\"elementor-element elementor-element-5710a5c e-con-full e-flex e-con e-child\" data-id=\"5710a5c\" data-element_type=\"container\">\n\t\t\t\t<div class=\"elementor-element elementor-element-0ab39bf elementor-widget elementor-widget-heading\" data-id=\"0ab39bf\" data-element_type=\"widget\" data-widget_type=\"heading.default\">\n\t\t\t\t<div class=\"elementor-widget-container\">\n\t\t\t\t\t<h2 class=\"elementor-heading-title elementor-size-default\">Kadolog<\/h2>\t\t\t\t<\/div>\n\t\t\t\t<\/div>\n\t\t\t\t<div class=\"elementor-element elementor-element-d285b2f elementor-widget elementor-widget-text-editor\" data-id=\"d285b2f\" data-element_type=\"widget\" data-widget_type=\"text-editor.default\">\n\t\t\t\t<div class=\"elementor-widget-container\">\n\t\t\t\t\t\t\t\t\t<p>Bient\u00f4t disponible!\u00a0<\/p><p>Cette page sera bas\u00e9e sur une liste pr\u00e9cise des besoins, pour toutes les bourses!\u00a0<\/p>\t\t\t\t\t\t\t\t<\/div>\n\t\t\t\t<\/div>\n\t\t\t\t<\/div>\n\t\t\t\t\t<\/div>\n\t\t\t\t<\/div>\n\t\t<div class=\"elementor-element elementor-element-e87a383 e-grid e-con-boxed e-con e-parent\" data-id=\"e87a383\" data-element_type=\"container\">\n\t\t\t\t\t<div class=\"e-con-inner\">\n\t\t\t\t<div class=\"elementor-element elementor-element-f5ec28a elementor-widget elementor-widget-text-editor\" data-id=\"f5ec28a\" data-element_type=\"widget\" data-widget_type=\"text-editor.default\">\n\t\t\t\t<div class=\"elementor-widget-container\">\n\t\t\t\t\t\t\t\t\t<p><em><strong><br><\/strong><\/em><\/p><p><em><strong>&#8211;&gt; Scannez en un clic le QR Code via votre application bancaire &lt;&#8211;<\/strong><\/em><\/p>\t\t\t\t\t\t\t\t<\/div>\n\t\t\t\t<\/div>\n\t\t\t\t\t<\/div>\n\t\t\t\t<\/div>\n\t\t<div class=\"elementor-element elementor-element-5640118 e-flex e-con-boxed e-con e-parent\" data-id=\"5640118\" data-element_type=\"container\">\n\t\t\t\t\t<div class=\"e-con-inner\">\n\t\t\t\t<div class=\"elementor-element elementor-element-2e70c72 elementor-widget elementor-widget-image\" data-id=\"2e70c72\" data-element_type=\"widget\" data-widget_type=\"image.default\">\n\t\t\t\t<div class=\"elementor-widget-container\">\n\t\t\t\t\t\t\t\t\t\t\t\t\t\t\t<img fetchpriority=\"high\" decoding=\"async\" width=\"300\" height=\"300\" src=\"https:\/\/famille-debout.com\/wp-content\/uploads\/2025\/03\/QRCode-Banque.png\" class=\"attachment-large size-large wp-image-655\" alt=\"\" srcset=\"https:\/\/famille-debout.com\/wp-content\/uploads\/2025\/03\/QRCode-Banque.png 300w, https:\/\/famille-debout.com\/wp-content\/uploads\/2025\/03\/QRCode-Banque-150x150.png 150w\" sizes=\"(max-width: 300px) 100vw, 300px\" \/>\t\t\t\t\t\t\t\t\t\t\t\t\t\t\t<\/div>\n\t\t\t\t<\/div>\n\t\t\t\t\t<\/div>\n\t\t\t\t<\/div>\n\t\t\t\t<\/div>\n\t\t","protected":false},"excerpt":{"rendered":"<p>Virement Vous pouvez directement effectuer un virement au nom de l&#8217;ASBL sur le compte suivant. COMPTE BANCAIRE : BE76 7512 1152 3795 Virement avec exon\u00e9ration fiscale Un don unique de minimum 40 \u20ac Faire un don Ordre permanent avec exon\u00e9ration fiscale Une domiciliation bancaire de minimum 5 \u20ac par mois (ce qui vous donne droit [&hellip;]<\/p>\n","protected":false},"author":2,"featured_media":0,"parent":0,"menu_order":0,"comment_status":"closed","ping_status":"closed","template":"","meta":{"footnotes":""},"class_list":["post-119","page","type-page","status-publish","hentry"],"_links":{"self":[{"href":"https:\/\/famille-debout.com\/index.php\/wp-json\/wp\/v2\/pages\/119","targetHints":{"allow":["GET"]}}],"collection":[{"href":"https:\/\/famille-debout.com\/index.php\/wp-json\/wp\/v2\/pages"}],"about":[{"href":"https:\/\/famille-debout.com\/index.php\/wp-json\/wp\/v2\/types\/page"}],"author":[{"embeddable":true,"href":"https:\/\/famille-debout.com\/index.php\/wp-json\/wp\/v2\/users\/2"}],"replies":[{"embeddable":true,"href":"https:\/\/famille-debout.com\/index.php\/wp-json\/wp\/v2\/comments?post=119"}],"version-history":[{"count":73,"href":"https:\/\/famille-debout.com\/index.php\/wp-json\/wp\/v2\/pages\/119\/revisions"}],"predecessor-version":[{"id":667,"href":"https:\/\/famille-debout.com\/index.php\/wp-json\/wp\/v2\/pages\/119\/revisions\/667"}],"wp:attachment":[{"href":"https:\/\/famille-debout.com\/index.php\/wp-json\/wp\/v2\/media?parent=119"}],"curies":[{"name":"wp","href":"https:\/\/api.w.org\/{rel}","templated":true}]}}